{"id":4356,"date":"2021-09-28T14:42:32","date_gmt":"2021-09-28T11:42:32","guid":{"rendered":"https:\/\/podeco.fi\/etusivu\/"},"modified":"2023-09-14T13:32:38","modified_gmt":"2023-09-14T10:32:38","slug":"etusivu","status":"publish","type":"page","link":"https:\/\/podeco.fi\/sv\/","title":{"rendered":"Framsida"},"content":{"rendered":"\r\n\r\n<section class=\"hero site-banner banner-bg-image section-default default alignfull image\">\r\n\r\n    <div class=\"site-banner-bg section-bg-image ob-position\" style=\"object-position: 50% 0%\" >\r\n\r\n        <img loading=\"lazy\" decoding=\"async\" width=\"2560\" height=\"1033\" src=\"https:\/\/podeco.fi\/wp-content\/uploads\/2023\/07\/shutterstock-1570611190-scaled.jpg\" class=\"attachment-1536\u00d71536 size-1536\u00d71536\" alt=\"\" srcset=\"https:\/\/podeco.fi\/wp-content\/uploads\/2023\/07\/shutterstock-1570611190-scaled.jpg 2560w, https:\/\/podeco.fi\/wp-content\/uploads\/2023\/07\/shutterstock-1570611190-300x121.jpg 300w, https:\/\/podeco.fi\/wp-content\/uploads\/2023\/07\/shutterstock-1570611190-1024x413.jpg 1024w, https:\/\/podeco.fi\/wp-content\/uploads\/2023\/07\/shutterstock-1570611190-768x310.jpg 768w, https:\/\/podeco.fi\/wp-content\/uploads\/2023\/07\/shutterstock-1570611190-1536x620.jpg 1536w, https:\/\/podeco.fi\/wp-content\/uploads\/2023\/07\/shutterstock-1570611190-2048x827.jpg 2048w\" sizes=\"auto, (max-width: 2560px) 100vw, 2560px\" \/>\r\n        \r\n            <div class=\"site-banner-content container\">\r\n                <div class=\"row w-100\">\r\n                    <div class=\"col-md-12\">\r\n\r\n                                                        <div class=\"site-banner-logo\"><img decoding=\"async\" src=\" https:\/\/podeco.fi\/wp-content\/uploads\/2023\/07\/400dpilogo-valkvarjo.png\" alt=\"Podeco\" \/>\r\n                                <\/div>\r\n                        <div class=\"inner-content\">\r\n                            <div class=\"acf-innerblocks-container\">\n\n<p><\/p>\n\n<\/div>\r\n                        <\/div>                    <\/div>\r\n                <\/div>\r\n            <\/div>\r\n        \r\n        <\/div><\/section>\n\n\n<div class=\"wp-block-columns is-style-narrow is-layout-flex wp-container-core-columns-is-layout-9d6595d7 wp-block-columns-is-layout-flex\">\n<div class=\"wp-block-column is-layout-flow wp-block-column-is-layout-flow\">\n<h2 class=\"wp-block-heading has-text-align-center\">Tillf\u00f6rlitlig och oberoende expertis f\u00f6r dina byggprojekt<\/h2>\n<\/div>\n<\/div>\n\n\n\n<p class=\"has-text-align-center\"><strong>Podeco Oy<\/strong><\/p>\n\n\n\n<p class=\"has-text-align-center\">Projektledning och byggherreverksamhet sedan \u00e5r 2014.<\/p>\n\n\n\n<p class=\"has-text-align-center\">Verkst\u00e4llande direkt\u00f6r Marko Potka, RAP.<\/p>\n\n\n\n<p class=\"has-text-align-center\">Potka har mera \u00e4n 20 \u00e5rs erfarenhet av byggherreverksamhet, projektledning och entreprenader.<\/p>\n\n\n\n<p><\/p>\n\n\n<div class=\"image-and-text wp-block has-media-on-the-left\">\r\n<div class=\"row\">\r\n    <div class=\"col-12 col-md-5 image-col\">\r\n\r\n        <img loading=\"lazy\" decoding=\"async\" width=\"800\" height=\"534\" src=\"https:\/\/podeco.fi\/wp-content\/uploads\/2023\/07\/0l7a2920-hdr-1024x683.jpg\" class=\"attachment-large size-large\" alt=\"\" srcset=\"https:\/\/podeco.fi\/wp-content\/uploads\/2023\/07\/0l7a2920-hdr-1024x683.jpg 1024w, https:\/\/podeco.fi\/wp-content\/uploads\/2023\/07\/0l7a2920-hdr-300x200.jpg 300w, https:\/\/podeco.fi\/wp-content\/uploads\/2023\/07\/0l7a2920-hdr-768x512.jpg 768w, https:\/\/podeco.fi\/wp-content\/uploads\/2023\/07\/0l7a2920-hdr-1536x1024.jpg 1536w, https:\/\/podeco.fi\/wp-content\/uploads\/2023\/07\/0l7a2920-hdr-2048x1365.jpg 2048w\" sizes=\"auto, (max-width: 800px) 100vw, 800px\" \/>    <\/div>\r\n\r\n    <div class=\"col-12 col-md-7 text-col has-background has-light-gray-background-color\"><div class=\"acf-innerblocks-container\">\n\n<h3 class=\"wp-block-heading\">Projektledning och utveckling i Vasa, Sein\u00e4joki, Karleby. Koncept byggherreverksamhet rikst\u00e4ckande<\/h3>\n\n\n\n<p>V\u00e5rt kontor ligger i Vasa, och d\u00e4rifr\u00e5n jobbar vi ofta med projekt i \u00d6sterbotten, Mellersta \u00d6sterbotten och S\u00f6dra \u00d6sterbotten. V\u00e5ra projekt \u00e4r allt fr\u00e5n sm\u00e5 \u00e4ndringsarbeten till stora aff\u00e4rs- och k\u00f6pcentrumsprojekt. Podeco har fungerat som en tillf\u00f6rlitlig partner till best\u00e4llaren och som projektledare i m\u00e5nga bostads-, aff\u00e4rs-, kontors-, omsorgs-, daghems- och industriprojekt.<\/p>\n\n\n\n<p>Vi kan utf\u00f6ra jobb i hela landet. Podeco har handhaft byggherreverksamheten vid byggandet av aff\u00e4rslokaler f\u00f6r Finlands st\u00f6rsta privata kedja som tillhandah\u00e5ller laboratorietj\u00e4nster och tj\u00e4nster f\u00f6r diagnostisk avbildning. F\u00f6r kedjan planerades och utf\u00f6rdes verksamhetsst\u00e4llen i flera st\u00e4der i Finland, fr\u00e5n Kotka till Sodankyl\u00e4.<\/p>\n\n<\/div>\r\n<\/div>\r\n<\/div>\r\n<\/div>\n\n\n<div class=\"wp-block-cover alignfull is-light historia\"><span aria-hidden=\"true\" class=\"wp-block-cover__background has-light-gray-background-color has-background-dim\"><\/span><img loading=\"lazy\" decoding=\"async\" width=\"2560\" height=\"1794\" class=\"wp-block-cover__image-background wp-image-4132\" alt=\"\" src=\"http:\/\/localhost:3000\/podeco\/wp-content\/uploads\/2023\/07\/shutterstock-400435201-scaled.jpg\" data-object-fit=\"cover\" srcset=\"https:\/\/podeco.fi\/wp-content\/uploads\/2023\/07\/shutterstock-400435201-scaled.jpg 2560w, https:\/\/podeco.fi\/wp-content\/uploads\/2023\/07\/shutterstock-400435201-300x210.jpg 300w, https:\/\/podeco.fi\/wp-content\/uploads\/2023\/07\/shutterstock-400435201-1024x718.jpg 1024w, https:\/\/podeco.fi\/wp-content\/uploads\/2023\/07\/shutterstock-400435201-768x538.jpg 768w, https:\/\/podeco.fi\/wp-content\/uploads\/2023\/07\/shutterstock-400435201-1536x1076.jpg 1536w, https:\/\/podeco.fi\/wp-content\/uploads\/2023\/07\/shutterstock-400435201-2048x1435.jpg 2048w\" sizes=\"auto, (max-width: 2560px) 100vw, 2560px\" \/><div class=\"wp-block-cover__inner-container is-layout-flow wp-block-cover-is-layout-flow\">\n<h2 class=\"wp-block-heading has-text-align-center has-black-color has-text-color\">Historia<\/h2>\n\n\n\n<p class=\"has-black-color has-text-color\">F\u00f6re Marko Potka grundade eget f\u00f6retag gjorde han en karri\u00e4r inom projektledningsentreprenader som g\u00e4llde stora projekt i huvudstadsregionen, och han har fungerat som byggherre f\u00f6r en internationell aff\u00e4rskedja i Finland och som nyckelperson i Vasa f\u00f6r ett bolag som \u00e4r b\u00f6rsnoterat i Finland. \u00c4ven dessa projekt medf\u00f6rde mycket ansvar och erfarenhet.<\/p>\n<\/div><\/div>\n\n\n\n<div class=\"wp-block-group alignfull has-white-background-color has-background\"><div class=\"wp-block-group__inner-container is-layout-flow wp-block-group-is-layout-flow\">\n<div class=\"wp-block-group\"><div class=\"wp-block-group__inner-container is-layout-flow wp-block-group-is-layout-flow\">\n<div class=\"wp-block-columns nosto-kuva-ja-teksti is-style-default is-layout-flex wp-container-core-columns-is-layout-9d6595d7 wp-block-columns-is-layout-flex\">\n<div class=\"wp-block-column has-light-gray-background-color has-background is-layout-flow wp-block-column-is-layout-flow\">\n<figure class=\"wp-block-image size-large\"><img loading=\"lazy\" decoding=\"async\" width=\"1024\" height=\"683\" src=\"https:\/\/podeco.fi\/wp-content\/uploads\/2023\/07\/0l7a2877-hdr-1024x683.jpg\" alt=\"\" class=\"wp-image-4172\" srcset=\"https:\/\/podeco.fi\/wp-content\/uploads\/2023\/07\/0l7a2877-hdr-1024x683.jpg 1024w, https:\/\/podeco.fi\/wp-content\/uploads\/2023\/07\/0l7a2877-hdr-300x200.jpg 300w, https:\/\/podeco.fi\/wp-content\/uploads\/2023\/07\/0l7a2877-hdr-768x512.jpg 768w, https:\/\/podeco.fi\/wp-content\/uploads\/2023\/07\/0l7a2877-hdr-1536x1024.jpg 1536w, https:\/\/podeco.fi\/wp-content\/uploads\/2023\/07\/0l7a2877-hdr-2048x1365.jpg 2048w\" sizes=\"auto, (max-width: 1024px) 100vw, 1024px\" \/><\/figure>\n\n\n\n<h2 class=\"wp-block-heading has-text-align-center\">Tj\u00e4nster<\/h2>\n\n\n\n<div class=\"wp-block-buttons is-content-justification-center is-layout-flex wp-container-core-buttons-is-layout-16018d1d wp-block-buttons-is-layout-flex\">\n<div class=\"wp-block-button\"><a class=\"wp-block-button__link wp-element-button\" href=\"https:\/\/podeco.fi\/sv\/palvelut\/\">L\u00e4s mer<\/a><\/div>\n<\/div>\n<\/div>\n\n\n\n<div class=\"wp-block-column has-light-gray-background-color has-background is-layout-flow wp-block-column-is-layout-flow\">\n<figure class=\"wp-block-image size-large\"><img loading=\"lazy\" decoding=\"async\" width=\"1024\" height=\"683\" src=\"https:\/\/podeco.fi\/wp-content\/uploads\/2023\/07\/shutterstock-2240792169-1024x683.jpg\" alt=\"\" class=\"wp-image-4221\" srcset=\"https:\/\/podeco.fi\/wp-content\/uploads\/2023\/07\/shutterstock-2240792169-1024x683.jpg 1024w, https:\/\/podeco.fi\/wp-content\/uploads\/2023\/07\/shutterstock-2240792169-300x200.jpg 300w, https:\/\/podeco.fi\/wp-content\/uploads\/2023\/07\/shutterstock-2240792169-768x512.jpg 768w, https:\/\/podeco.fi\/wp-content\/uploads\/2023\/07\/shutterstock-2240792169-1536x1024.jpg 1536w, https:\/\/podeco.fi\/wp-content\/uploads\/2023\/07\/shutterstock-2240792169-2048x1365.jpg 2048w\" sizes=\"auto, (max-width: 1024px) 100vw, 1024px\" \/><\/figure>\n\n\n\n<h2 class=\"wp-block-heading has-text-align-center\">Samarbete<\/h2>\n\n\n\n<div class=\"wp-block-buttons is-content-justification-center is-layout-flex wp-container-core-buttons-is-layout-16018d1d wp-block-buttons-is-layout-flex\">\n<div class=\"wp-block-button\"><a class=\"wp-block-button__link wp-element-button\" href=\"https:\/\/podeco.fi\/sv\/palvelut\/#yhteistyo\">L\u00e4s mer<\/a><\/div>\n<\/div>\n<\/div>\n\n\n\n<div class=\"wp-block-column has-light-gray-background-color has-background is-layout-flow wp-block-column-is-layout-flow\">\n<figure class=\"wp-block-image size-large\"><img loading=\"lazy\" decoding=\"async\" width=\"1024\" height=\"683\" src=\"https:\/\/podeco.fi\/wp-content\/uploads\/2023\/07\/0l7a2638-hdr-1024x683.jpg\" alt=\"\" class=\"wp-image-4141\" srcset=\"https:\/\/podeco.fi\/wp-content\/uploads\/2023\/07\/0l7a2638-hdr-1024x683.jpg 1024w, https:\/\/podeco.fi\/wp-content\/uploads\/2023\/07\/0l7a2638-hdr-300x200.jpg 300w, https:\/\/podeco.fi\/wp-content\/uploads\/2023\/07\/0l7a2638-hdr-768x512.jpg 768w, https:\/\/podeco.fi\/wp-content\/uploads\/2023\/07\/0l7a2638-hdr-1536x1024.jpg 1536w, https:\/\/podeco.fi\/wp-content\/uploads\/2023\/07\/0l7a2638-hdr-2048x1365.jpg 2048w\" sizes=\"auto, (max-width: 1024px) 100vw, 1024px\" \/><\/figure>\n\n\n\n<h2 class=\"wp-block-heading has-text-align-center\">Referenser<\/h2>\n\n\n\n<div class=\"wp-block-buttons is-content-justification-center is-layout-flex wp-container-core-buttons-is-layout-16018d1d wp-block-buttons-is-layout-flex\">\n<div class=\"wp-block-button is-style-fill\"><a class=\"wp-block-button__link wp-element-button\" href=\"https:\/\/podeco.fi\/sv\/referenssit\/\">L\u00e4s mer<\/a><\/div>\n<\/div>\n<\/div>\n<\/div>\n<\/div><\/div>\n<\/div><\/div>\n","protected":false},"excerpt":{"rendered":"<p>Tillf\u00f6rlitlig och oberoende expertis f\u00f6r dina byggprojekt Podeco Oy Projektledning och byggherreverksamhet sedan \u00e5r 2014. Verkst\u00e4llande direkt\u00f6r Marko Potka, RAP. Potka har mera \u00e4n 20 \u00e5rs erfarenhet av byggherreverksamhet, projektledning och entreprenader. Tj\u00e4nster Samarbete Referenser<\/p>\n","protected":false},"author":1,"featured_media":0,"parent":0,"menu_order":1,"comment_status":"closed","ping_status":"closed","template":"","meta":{"_acf_changed":false,"footnotes":""},"class_list":["post-4356","page","type-page","status-publish","hentry"],"acf":[],"aioseo_notices":[],"_links":{"self":[{"href":"https:\/\/podeco.fi\/sv\/wp-json\/wp\/v2\/pages\/4356","targetHints":{"allow":["GET"]}}],"collection":[{"href":"https:\/\/podeco.fi\/sv\/wp-json\/wp\/v2\/pages"}],"about":[{"href":"https:\/\/podeco.fi\/sv\/wp-json\/wp\/v2\/types\/page"}],"author":[{"embeddable":true,"href":"https:\/\/podeco.fi\/sv\/wp-json\/wp\/v2\/users\/1"}],"replies":[{"embeddable":true,"href":"https:\/\/podeco.fi\/sv\/wp-json\/wp\/v2\/comments?post=4356"}],"version-history":[{"count":4,"href":"https:\/\/podeco.fi\/sv\/wp-json\/wp\/v2\/pages\/4356\/revisions"}],"predecessor-version":[{"id":4410,"href":"https:\/\/podeco.fi\/sv\/wp-json\/wp\/v2\/pages\/4356\/revisions\/4410"}],"wp:attachment":[{"href":"https:\/\/podeco.fi\/sv\/wp-json\/wp\/v2\/media?parent=4356"}],"curies":[{"name":"wp","href":"https:\/\/api.w.org\/{rel}","templated":true}]}}